{"id":17,"date":"2018-11-12T20:49:32","date_gmt":"2018-11-12T20:49:32","guid":{"rendered":"https:\/\/www.psttryskacze.pl\/?page_id=17"},"modified":"2018-11-13T23:49:40","modified_gmt":"2018-11-13T23:49:40","slug":"oferta","status":"publish","type":"page","link":"https:\/\/www.psttryskacze.pl\/?page_id=17","title":{"rendered":"Oferta"},"content":{"rendered":"<p><strong>INSTALACJE PRZECIWPO\u017bAROWE<\/strong><\/p>\n<p>Wed\u0142ug art. 2 <em>Ustawy z dnia 24 sierpnia 1991 r. o ochronie przeciwpo\u017carowej (Dz.U. 2018 poz. 620)<\/em> podstawowym przedsi\u0119wzi\u0119ciem ochrony przeciwpo\u017carowej jest przede wszystkich ochrona \u017cycia, zdrowia, mienia lub \u015brodowiska przed po\u017carem. Jednym ze sposob\u00f3w ograniczenia ryzyka wyst\u0105pienia niekontrolowanego po\u017caru jest wyposa\u017cenie obiekt\u00f3w budowlanych w sta\u0142e urz\u0105dzenia ga\u015bnicze. Decyduj\u0105ce znaczenie dla bezpiecze\u0144stwa ludzi i mienia ma wykrycie po\u017caru w pocz\u0105tkowej fazie, przy jednoczesnym uruchomieniu instalacji przeciwpo\u017carowych.<\/p>\n<p>Wychodz\u0105c naprzeciw potrzebom i oczekiwaniom klient\u00f3w, oferujemy kompleksowe rozwi\u0105zania w zakresie:<\/p>\n<ul>\n<li>instalacji tryskaczowych,<\/li>\n<li>instalacji zraszaczowych,<\/li>\n<li>instalacji hydrantowych,<\/li>\n<li>instalacji mg\u0142y wodnej,<\/li>\n<li>technologii pompowni ppo\u017c.<\/li>\n<\/ul>\n<p>Szeroka gama system\u00f3w przeciwpo\u017carowych, projektowana jest indywidualnie przez wykwalifikowanych i do\u015bwiadczonych projektant\u00f3w, w oparciu o normy, standardy i wytyczne, takie jak:<\/p>\n<ul>\n<li>PN EN 12845:2015<\/li>\n<li>VdS<\/li>\n<li>NFPA<\/li>\n<li>FM Global<\/li>\n<\/ul>\n","protected":false},"excerpt":{"rendered":"<p>INSTALACJE PRZECIWPO\u017bAROWE Wed\u0142ug art. 2 Ustawy z dnia 24 sierpnia 1991 r. o ochronie przeciwpo\u017carowej (Dz.U. 2018 poz. 620) podstawowym przedsi\u0119wzi\u0119ciem ochrony przeciwpo\u017carowej jest przede wszystkich ochrona \u017cycia, zdrowia, mienia lub \u015brodowiska przed po\u017carem. Jednym ze sposob\u00f3w ograniczenia ryzyka wyst\u0105pienia niekontrolowanego po\u017caru jest wyposa\u017cenie obiekt\u00f3w budowlanych w sta\u0142e urz\u0105dzenia ga\u015bnicze. [&hellip;]<\/p>\n","protected":false},"author":1,"featured_media":0,"parent":0,"menu_order":0,"comment_status":"closed","ping_status":"closed","template":"","meta":{"footnotes":""},"class_list":["post-17","page","type-page","status-publish","hentry"],"yoast_head":"<!-- This site is optimized with the Yoast SEO plugin v26.0 - https:\/\/yoast.com\/wordpress\/plugins\/seo\/ -->\n<title>PST sp\u00f3\u0142ka z o.o. - projektowanie system\u00f3w tryskaczowych<\/title>\n<meta name=\"description\" content=\"Oferujemy kompleksowe rozwi\u0105zania w zakresie instalacji tryskaczowych, zraszaczowych, hydrantowych, instalacji mg\u0142y wodnej oraz technologii pompowni ppo\u017c.\" \/>\n<meta name=\"robots\" content=\"index, follow, max-snippet:-1, max-image-preview:large, max-video-preview:-1\" \/>\n<link rel=\"canonical\" href=\"https:\/\/www.psttryskacze.pl\/?page_id=17\" \/>\n<meta property=\"og:locale\" content=\"pl_PL\" \/>\n<meta property=\"og:type\" content=\"article\" \/>\n<meta property=\"og:title\" content=\"PST sp\u00f3\u0142ka z o.o. - projektowanie system\u00f3w tryskaczowych\" \/>\n<meta property=\"og:description\" content=\"Oferujemy kompleksowe rozwi\u0105zania w zakresie instalacji tryskaczowych, zraszaczowych, hydrantowych, instalacji mg\u0142y wodnej oraz technologii pompowni ppo\u017c.\" \/>\n<meta property=\"og:url\" content=\"https:\/\/www.psttryskacze.pl\/?page_id=17\" \/>\n<meta property=\"og:site_name\" content=\"PST\" \/>\n<meta property=\"article:modified_time\" content=\"2018-11-13T23:49:40+00:00\" \/>\n<meta name=\"twitter:card\" content=\"summary_large_image\" \/>\n<meta name=\"twitter:label1\" content=\"Szacowany czas czytania\" \/>\n\t<meta name=\"twitter:data1\" content=\"1 minuta\" \/>\n<script type=\"application\/ld+json\" class=\"yoast-schema-graph\">{\"@context\":\"https:\/\/schema.org\",\"@graph\":[{\"@type\":\"WebPage\",\"@id\":\"https:\/\/www.psttryskacze.pl\/?page_id=17\",\"url\":\"https:\/\/www.psttryskacze.pl\/?page_id=17\",\"name\":\"PST sp\u00f3\u0142ka z o.o. - projektowanie system\u00f3w tryskaczowych\",\"isPartOf\":{\"@id\":\"https:\/\/www.psttryskacze.pl\/#website\"},\"datePublished\":\"2018-11-12T20:49:32+00:00\",\"dateModified\":\"2018-11-13T23:49:40+00:00\",\"description\":\"Oferujemy kompleksowe rozwi\u0105zania w zakresie instalacji tryskaczowych, zraszaczowych, hydrantowych, instalacji mg\u0142y wodnej oraz technologii pompowni ppo\u017c.\",\"breadcrumb\":{\"@id\":\"https:\/\/www.psttryskacze.pl\/?page_id=17#breadcrumb\"},\"inLanguage\":\"pl-PL\",\"potentialAction\":[{\"@type\":\"ReadAction\",\"target\":[\"https:\/\/www.psttryskacze.pl\/?page_id=17\"]}]},{\"@type\":\"BreadcrumbList\",\"@id\":\"https:\/\/www.psttryskacze.pl\/?page_id=17#breadcrumb\",\"itemListElement\":[{\"@type\":\"ListItem\",\"position\":1,\"name\":\"Strona g\u0142\u00f3wna\",\"item\":\"https:\/\/www.psttryskacze.pl\/\"},{\"@type\":\"ListItem\",\"position\":2,\"name\":\"Oferta\"}]},{\"@type\":\"WebSite\",\"@id\":\"https:\/\/www.psttryskacze.pl\/#website\",\"url\":\"https:\/\/www.psttryskacze.pl\/\",\"name\":\"PST\",\"description\":\"Projektowanie System&oacute;w Tryskaczowych\",\"publisher\":{\"@id\":\"https:\/\/www.psttryskacze.pl\/#organization\"},\"potentialAction\":[{\"@type\":\"SearchAction\",\"target\":{\"@type\":\"EntryPoint\",\"urlTemplate\":\"https:\/\/www.psttryskacze.pl\/?s={search_term_string}\"},\"query-input\":{\"@type\":\"PropertyValueSpecification\",\"valueRequired\":true,\"valueName\":\"search_term_string\"}}],\"inLanguage\":\"pl-PL\"},{\"@type\":\"Organization\",\"@id\":\"https:\/\/www.psttryskacze.pl\/#organization\",\"name\":\"PST sp\u00f3\u0142ka z o.o.\",\"url\":\"https:\/\/www.psttryskacze.pl\/\",\"logo\":{\"@type\":\"ImageObject\",\"inLanguage\":\"pl-PL\",\"@id\":\"https:\/\/www.psttryskacze.pl\/#\/schema\/logo\/image\/\",\"url\":\"https:\/\/www.psttryskacze.pl\/wp-content\/uploads\/2018\/11\/PST_logo_official_02.jpg.gif\",\"contentUrl\":\"https:\/\/www.psttryskacze.pl\/wp-content\/uploads\/2018\/11\/PST_logo_official_02.jpg.gif\",\"width\":1800,\"height\":2400,\"caption\":\"PST sp\u00f3\u0142ka z o.o.\"},\"image\":{\"@id\":\"https:\/\/www.psttryskacze.pl\/#\/schema\/logo\/image\/\"}}]}<\/script>\n<!-- \/ Yoast SEO plugin. -->","yoast_head_json":{"title":"PST sp\u00f3\u0142ka z o.o. - projektowanie system\u00f3w tryskaczowych","description":"Oferujemy kompleksowe rozwi\u0105zania w zakresie instalacji tryskaczowych, zraszaczowych, hydrantowych, instalacji mg\u0142y wodnej oraz technologii pompowni ppo\u017c.","robots":{"index":"index","follow":"follow","max-snippet":"max-snippet:-1","max-image-preview":"max-image-preview:large","max-video-preview":"max-video-preview:-1"},"canonical":"https:\/\/www.psttryskacze.pl\/?page_id=17","og_locale":"pl_PL","og_type":"article","og_title":"PST sp\u00f3\u0142ka z o.o. - projektowanie system\u00f3w tryskaczowych","og_description":"Oferujemy kompleksowe rozwi\u0105zania w zakresie instalacji tryskaczowych, zraszaczowych, hydrantowych, instalacji mg\u0142y wodnej oraz technologii pompowni ppo\u017c.","og_url":"https:\/\/www.psttryskacze.pl\/?page_id=17","og_site_name":"PST","article_modified_time":"2018-11-13T23:49:40+00:00","twitter_card":"summary_large_image","twitter_misc":{"Szacowany czas czytania":"1 minuta"},"schema":{"@context":"https:\/\/schema.org","@graph":[{"@type":"WebPage","@id":"https:\/\/www.psttryskacze.pl\/?page_id=17","url":"https:\/\/www.psttryskacze.pl\/?page_id=17","name":"PST sp\u00f3\u0142ka z o.o. - projektowanie system\u00f3w tryskaczowych","isPartOf":{"@id":"https:\/\/www.psttryskacze.pl\/#website"},"datePublished":"2018-11-12T20:49:32+00:00","dateModified":"2018-11-13T23:49:40+00:00","description":"Oferujemy kompleksowe rozwi\u0105zania w zakresie instalacji tryskaczowych, zraszaczowych, hydrantowych, instalacji mg\u0142y wodnej oraz technologii pompowni ppo\u017c.","breadcrumb":{"@id":"https:\/\/www.psttryskacze.pl\/?page_id=17#breadcrumb"},"inLanguage":"pl-PL","potentialAction":[{"@type":"ReadAction","target":["https:\/\/www.psttryskacze.pl\/?page_id=17"]}]},{"@type":"BreadcrumbList","@id":"https:\/\/www.psttryskacze.pl\/?page_id=17#breadcrumb","itemListElement":[{"@type":"ListItem","position":1,"name":"Strona g\u0142\u00f3wna","item":"https:\/\/www.psttryskacze.pl\/"},{"@type":"ListItem","position":2,"name":"Oferta"}]},{"@type":"WebSite","@id":"https:\/\/www.psttryskacze.pl\/#website","url":"https:\/\/www.psttryskacze.pl\/","name":"PST","description":"Projektowanie System&oacute;w Tryskaczowych","publisher":{"@id":"https:\/\/www.psttryskacze.pl\/#organization"},"potentialAction":[{"@type":"SearchAction","target":{"@type":"EntryPoint","urlTemplate":"https:\/\/www.psttryskacze.pl\/?s={search_term_string}"},"query-input":{"@type":"PropertyValueSpecification","valueRequired":true,"valueName":"search_term_string"}}],"inLanguage":"pl-PL"},{"@type":"Organization","@id":"https:\/\/www.psttryskacze.pl\/#organization","name":"PST sp\u00f3\u0142ka z o.o.","url":"https:\/\/www.psttryskacze.pl\/","logo":{"@type":"ImageObject","inLanguage":"pl-PL","@id":"https:\/\/www.psttryskacze.pl\/#\/schema\/logo\/image\/","url":"https:\/\/www.psttryskacze.pl\/wp-content\/uploads\/2018\/11\/PST_logo_official_02.jpg.gif","contentUrl":"https:\/\/www.psttryskacze.pl\/wp-content\/uploads\/2018\/11\/PST_logo_official_02.jpg.gif","width":1800,"height":2400,"caption":"PST sp\u00f3\u0142ka z o.o."},"image":{"@id":"https:\/\/www.psttryskacze.pl\/#\/schema\/logo\/image\/"}}]}},"_links":{"self":[{"href":"https:\/\/www.psttryskacze.pl\/index.php?rest_route=\/wp\/v2\/pages\/17","targetHints":{"allow":["GET"]}}],"collection":[{"href":"https:\/\/www.psttryskacze.pl\/index.php?rest_route=\/wp\/v2\/pages"}],"about":[{"href":"https:\/\/www.psttryskacze.pl\/index.php?rest_route=\/wp\/v2\/types\/page"}],"author":[{"embeddable":true,"href":"https:\/\/www.psttryskacze.pl\/index.php?rest_route=\/wp\/v2\/users\/1"}],"replies":[{"embeddable":true,"href":"https:\/\/www.psttryskacze.pl\/index.php?rest_route=%2Fwp%2Fv2%2Fcomments&post=17"}],"version-history":[{"count":10,"href":"https:\/\/www.psttryskacze.pl\/index.php?rest_route=\/wp\/v2\/pages\/17\/revisions"}],"predecessor-version":[{"id":69,"href":"https:\/\/www.psttryskacze.pl\/index.php?rest_route=\/wp\/v2\/pages\/17\/revisions\/69"}],"wp:attachment":[{"href":"https:\/\/www.psttryskacze.pl\/index.php?rest_route=%2Fwp%2Fv2%2Fmedia&parent=17"}],"curies":[{"name":"wp","href":"https:\/\/api.w.org\/{rel}","templated":true}]}}